{"id":1380,"date":"2022-08-20T22:42:11","date_gmt":"2022-08-20T22:42:11","guid":{"rendered":"https:\/\/turbopizza.es\/?page_id=1380"},"modified":"2022-11-11T00:37:52","modified_gmt":"2022-11-11T00:37:52","slug":"menu","status":"publish","type":"page","link":"https:\/\/turbopizza.es\/index.php\/menu\/","title":{"rendered":"Pizzas"},"content":{"rendered":"\t\t<div data-elementor-type=\"wp-page\" data-elementor-id=\"1380\" class=\"elementor elementor-1380\">\n\t\t\t\t\t\t\t\t\t<section class=\"elementor-section elementor-top-section elementor-element elementor-element-ed2968d elementor-section-boxed elementor-section-height-default elementor-section-height-default\" data-id=\"ed2968d\" data-element_type=\"section\">\n\t\t\t\t\t\t<div class=\"elementor-container elementor-column-gap-default\">\n\t\t\t\t\t<div class=\"elementor-column elementor-col-100 elementor-top-column elementor-element elementor-element-ab791e5\" data-id=\"ab791e5\" data-element_type=\"column\">\n\t\t\t<div class=\"elementor-widget-wrap elementor-element-populated\">\n\t\t\t\t\t\t\t\t<div class=\"elementor-element elementor-element-60f404e elementor-widget elementor-widget-heading\" data-id=\"60f404e\" data-element_type=\"widget\" data-widget_type=\"heading.default\">\n\t\t\t\t<div class=\"elementor-widget-container\">\n\t\t\t<style>\/*! elementor - v3.8.0 - 30-10-2022 *\/\n.elementor-heading-title{padding:0;margin:0;line-height:1}.elementor-widget-heading .elementor-heading-title[class*=elementor-size-]>a{color:inherit;font-size:inherit;line-height:inherit}.elementor-widget-heading .elementor-heading-title.elementor-size-small{font-size:15px}.elementor-widget-heading .elementor-heading-title.elementor-size-medium{font-size:19px}.elementor-widget-heading .elementor-heading-title.elementor-size-large{font-size:29px}.elementor-widget-heading .elementor-heading-title.elementor-size-xl{font-size:39px}.elementor-widget-heading .elementor-heading-title.elementor-size-xxl{font-size:59px}<\/style><h2 class=\"elementor-heading-title elementor-size-default\">Pizzas<\/h2>\t\t<\/div>\n\t\t\t\t<\/div>\n\t\t\t\t\t<\/div>\n\t\t<\/div>\n\t\t\t\t\t\t\t<\/div>\n\t\t<\/section>\n\t\t\t\t<section class=\"elementor-section elementor-top-section elementor-element elementor-element-9cae6bc elementor-section-boxed elementor-section-height-default elementor-section-height-default\" data-id=\"9cae6bc\" data-element_type=\"section\">\n\t\t\t\t\t\t<div class=\"elementor-container elementor-column-gap-default\">\n\t\t\t\t\t<div class=\"elementor-column elementor-col-100 elementor-top-column elementor-element elementor-element-bccc53c\" data-id=\"bccc53c\" data-element_type=\"column\">\n\t\t\t<div class=\"elementor-widget-wrap elementor-element-populated\">\n\t\t\t\t\t\t\t\t<div class=\"elementor-element elementor-element-ac6eb74 elementor-widget elementor-widget-narestaurant_unique_food_menu\" data-id=\"ac6eb74\" data-element_type=\"widget\" data-widget_type=\"narestaurant_unique_food_menu.default\">\n\t\t\t\t<div class=\"elementor-widget-container\">\n\t\t\t<div class=\"narep-food-menu-wrap\"><div class=\"narep-food-menu-item-wrap zoom-image no-img\">\r\n\t\t\t\t\t\t\t\t\t\t\t              <div class=\"narep-food-menu-info\"><h4 class=\"narep-food-menu-title\"><span class=\"food-title\">Margarita<span class=\"food-label\">OFERTA 2X13\u20ac<\/span><\/span><span class=\"food-price\">7\u20ac<\/span><\/h4><p>queso, tomate<\/p><\/div>\r\n\t\t\t\t\t\t\t\t\t\t\t            <\/div><div class=\"narep-food-menu-item-wrap zoom-image no-img\">\r\n\t\t\t\t\t\t\t\t\t\t\t              <div class=\"narep-food-menu-info\"><h4 class=\"narep-food-menu-title\"><span class=\"food-title\">Jam\u00f3n<span class=\"food-label\">oferta 2x13\u20ac<\/span><\/span><span class=\"food-price\">7,90\u20ac<\/span><\/h4><p>queso, tomate, jam\u00f3n<\/p><\/div>\r\n\t\t\t\t\t\t\t\t\t\t\t            <\/div><div class=\"narep-food-menu-item-wrap zoom-image no-img\">\r\n\t\t\t\t\t\t\t\t\t\t\t              <div class=\"narep-food-menu-info\"><h4 class=\"narep-food-menu-title\"><span class=\"food-title\">Champi\u00f1ones<span class=\"food-label\">OFERTA 2x13\u20ac<\/span><\/span><span class=\"food-price\">7,50\u20ac<\/span><\/h4><p>queso, tomate, champi\u00f1ones<\/p><\/div>\r\n\t\t\t\t\t\t\t\t\t\t\t            <\/div><div class=\"narep-food-menu-item-wrap zoom-image no-img\">\r\n\t\t\t\t\t\t\t\t\t\t\t              <div class=\"narep-food-menu-info\"><h4 class=\"narep-food-menu-title\"><span class=\"food-title\">Pollo<span class=\"food-label\">OFERTA 2x13\u20ac<\/span><\/span><span class=\"food-price\">7,70\u20ac<\/span><\/h4><p>queso, tomate,  pollo<\/p><\/div>\r\n\t\t\t\t\t\t\t\t\t\t\t            <\/div><div class=\"narep-food-menu-item-wrap zoom-image no-img\">\r\n\t\t\t\t\t\t\t\t\t\t\t              <div class=\"narep-food-menu-info\"><h4 class=\"narep-food-menu-title\"><span class=\"food-title\">At\u00fan<span class=\"food-label\">OFERTA 2x13\u20ac<\/span><\/span><span class=\"food-price\">7,90\u20ac<\/span><\/h4><p>queso, tomate, at\u00fan<\/p><\/div>\r\n\t\t\t\t\t\t\t\t\t\t\t            <\/div><div class=\"narep-food-menu-item-wrap zoom-image no-img\">\r\n\t\t\t\t\t\t\t\t\t\t\t              <div class=\"narep-food-menu-info\"><h4 class=\"narep-food-menu-title\"><span class=\"food-title\">Reina<\/span><span class=\"food-price\">8,20\u20ac<\/span><\/h4><p>queso, tomate, champi\u00f1ones, jam\u00f3n<\/p><\/div>\r\n\t\t\t\t\t\t\t\t\t\t\t            <\/div><div class=\"narep-food-menu-item-wrap zoom-image no-img\">\r\n\t\t\t\t\t\t\t\t\t\t\t              <div class=\"narep-food-menu-info\"><h4 class=\"narep-food-menu-title\"><span class=\"food-title\">Hawai<\/span><span class=\"food-price\">8,50\u20ac<\/span><\/h4><p>queso, tomate, jam\u00f3n, pi\u00f1a<\/p><\/div>\r\n\t\t\t\t\t\t\t\t\t\t\t            <\/div><div class=\"narep-food-menu-item-wrap zoom-image no-img\">\r\n\t\t\t\t\t\t\t\t\t\t\t              <div class=\"narep-food-menu-info\"><h4 class=\"narep-food-menu-title\"><span class=\"food-title\">Cuatro Estaciones<\/span><span class=\"food-price\">8,50\u20ac<\/span><\/h4><p>queso, tomate, jam\u00f3n, champi\u00f1ones, pimientos<\/p><\/div>\r\n\t\t\t\t\t\t\t\t\t\t\t            <\/div><div class=\"narep-food-menu-item-wrap zoom-image no-img\">\r\n\t\t\t\t\t\t\t\t\t\t\t              <div class=\"narep-food-menu-info\"><h4 class=\"narep-food-menu-title\"><span class=\"food-title\">Vegetariana<\/span><span class=\"food-price\">8,50\u20ac<\/span><\/h4><p>queso, tomate, champi\u00f1ones, pimientos, cebolla, ma\u00edz<\/p><\/div>\r\n\t\t\t\t\t\t\t\t\t\t\t            <\/div><div class=\"narep-food-menu-item-wrap zoom-image no-img\">\r\n\t\t\t\t\t\t\t\t\t\t\t              <div class=\"narep-food-menu-info\"><h4 class=\"narep-food-menu-title\"><span class=\"food-title\">Diavola<\/span><span class=\"food-price\">8,50\u20ac<\/span><\/h4><p>queso, tomate, pimientos, cebolla, bacon, at\u00fan, picante<\/p><\/div>\r\n\t\t\t\t\t\t\t\t\t\t\t            <\/div><div class=\"narep-food-menu-item-wrap zoom-image no-img\">\r\n\t\t\t\t\t\t\t\t\t\t\t              <div class=\"narep-food-menu-info\"><h4 class=\"narep-food-menu-title\"><span class=\"food-title\">Barbacoa<\/span><span class=\"food-price\">8,50\u20ac<\/span><\/h4><p>queso, tomate, bacon, pollo, salsa barbacoa, cebolla<\/p><\/div>\r\n\t\t\t\t\t\t\t\t\t\t\t            <\/div><div class=\"narep-food-menu-item-wrap zoom-image no-img\">\r\n\t\t\t\t\t\t\t\t\t\t\t              <div class=\"narep-food-menu-info\"><h4 class=\"narep-food-menu-title\"><span class=\"food-title\">Tenerife<\/span><span class=\"food-price\">8,90\u20ac<\/span><\/h4><p>queso, tomate, jam\u00f3n y at\u00fan.<\/p><\/div>\r\n\t\t\t\t\t\t\t\t\t\t\t            <\/div><div class=\"narep-food-menu-item-wrap zoom-image no-img\">\r\n\t\t\t\t\t\t\t\t\t\t\t              <div class=\"narep-food-menu-info\"><h4 class=\"narep-food-menu-title\"><span class=\"food-title\">Bismark<\/span><span class=\"food-price\">8,90\u20ac<\/span><\/h4><p>queso, tomate, jam\u00f3n, huevo y ma\u00edz<\/p><\/div>\r\n\t\t\t\t\t\t\t\t\t\t\t            <\/div><div class=\"narep-food-menu-item-wrap zoom-image no-img\">\r\n\t\t\t\t\t\t\t\t\t\t\t              <div class=\"narep-food-menu-info\"><h4 class=\"narep-food-menu-title\"><span class=\"food-title\">Bonita<\/span><span class=\"food-price\">9\u20ac<\/span><\/h4><p>queso, tomate, jam\u00f3n, bacon, cebolla, ajo<\/p><\/div>\r\n\t\t\t\t\t\t\t\t\t\t\t            <\/div><div class=\"narep-food-menu-item-wrap zoom-image no-img\">\r\n\t\t\t\t\t\t\t\t\t\t\t              <div class=\"narep-food-menu-info\"><h4 class=\"narep-food-menu-title\"><span class=\"food-title\">Mexicana<\/span><span class=\"food-price\">9\u20ac<\/span><\/h4><p>queso, tomate, bacon, pepperoni, pollo, cebolla picante<\/p><\/div>\r\n\t\t\t\t\t\t\t\t\t\t\t            <\/div><div class=\"narep-food-menu-item-wrap zoom-image no-img\">\r\n\t\t\t\t\t\t\t\t\t\t\t              <div class=\"narep-food-menu-info\"><h4 class=\"narep-food-menu-title\"><span class=\"food-title\">Mechada<\/span><span class=\"food-price\">9\u20ac<\/span><\/h4><p>queso, tomate, carne mechada<\/p><\/div>\r\n\t\t\t\t\t\t\t\t\t\t\t            <\/div><div class=\"narep-food-menu-item-wrap zoom-image no-img\">\r\n\t\t\t\t\t\t\t\t\t\t\t              <div class=\"narep-food-menu-info\"><h4 class=\"narep-food-menu-title\"><span class=\"food-title\">Capricciosa<\/span><span class=\"food-price\">9,20\u20ac<\/span><\/h4><p>queso, tomate, jam\u00f3n, champi\u00f1ones, alcachofas, aceitunas negras<\/p><\/div>\r\n\t\t\t\t\t\t\t\t\t\t\t            <\/div><div class=\"narep-food-menu-item-wrap zoom-image no-img\">\r\n\t\t\t\t\t\t\t\t\t\t\t              <div class=\"narep-food-menu-info\"><h4 class=\"narep-food-menu-title\"><span class=\"food-title\">Bolognesa<\/span><span class=\"food-price\">9,90\u20ac<\/span><\/h4><p>queso, tomate, salsa bolognesa<\/p><\/div>\r\n\t\t\t\t\t\t\t\t\t\t\t            <\/div><div class=\"narep-food-menu-item-wrap zoom-image no-img\">\r\n\t\t\t\t\t\t\t\t\t\t\t              <div class=\"narep-food-menu-info\"><h4 class=\"narep-food-menu-title\"><span class=\"food-title\">Verano<\/span><span class=\"food-price\">9,90\u20ac<\/span><\/h4><p>queso, tomate, gambas, at\u00fan<\/p><\/div>\r\n\t\t\t\t\t\t\t\t\t\t\t            <\/div><div class=\"narep-food-menu-item-wrap zoom-image no-img\">\r\n\t\t\t\t\t\t\t\t\t\t\t              <div class=\"narep-food-menu-info\"><h4 class=\"narep-food-menu-title\"><span class=\"food-title\">San Mat\u00edas<\/span><span class=\"food-price\">9,90\u20ac<\/span><\/h4><p>queso, tomate, jam\u00f3n, bacon, salchicha, huevo<\/p><\/div>\r\n\t\t\t\t\t\t\t\t\t\t\t            <\/div><div class=\"narep-food-menu-item-wrap zoom-image no-img\">\r\n\t\t\t\t\t\t\t\t\t\t\t              <div class=\"narep-food-menu-info\"><h4 class=\"narep-food-menu-title\"><span class=\"food-title\">Sobradillo<\/span><span class=\"food-price\">9,90\u20ac<\/span><\/h4><p>queso, tomate, pollo, pepperoni, salchicha, huevo<\/p><\/div>\r\n\t\t\t\t\t\t\t\t\t\t\t            <\/div><div class=\"narep-food-menu-item-wrap zoom-image no-img\">\r\n\t\t\t\t\t\t\t\t\t\t\t              <div class=\"narep-food-menu-info\"><h4 class=\"narep-food-menu-title\"><span class=\"food-title\">Taco<\/span><span class=\"food-price\">9,90\u20ac<\/span><\/h4><p>queso, tomate, pi\u00f1a, ma\u00edz, gambas<\/p><\/div>\r\n\t\t\t\t\t\t\t\t\t\t\t            <\/div><div class=\"narep-food-menu-item-wrap zoom-image no-img\">\r\n\t\t\t\t\t\t\t\t\t\t\t              <div class=\"narep-food-menu-info\"><h4 class=\"narep-food-menu-title\"><span class=\"food-title\">Cuatro quesos<\/span><span class=\"food-price\">9,90\u20ac<\/span><\/h4><p>queso, tomate, mozzarella, parmesano, queso azul<\/p><\/div>\r\n\t\t\t\t\t\t\t\t\t\t\t            <\/div><div class=\"narep-food-menu-item-wrap zoom-image no-img\">\r\n\t\t\t\t\t\t\t\t\t\t\t              <div class=\"narep-food-menu-info\"><h4 class=\"narep-food-menu-title\"><span class=\"food-title\">Verano<\/span><span class=\"food-price\">9,90\u20ac<\/span><\/h4><p>queso, tomate, gambas, at\u00fan<\/p><\/div>\r\n\t\t\t\t\t\t\t\t\t\t\t            <\/div><div class=\"narep-food-menu-item-wrap zoom-image no-img\">\r\n\t\t\t\t\t\t\t\t\t\t\t              <div class=\"narep-food-menu-info\"><h4 class=\"narep-food-menu-title\"><span class=\"food-title\">Verano<\/span><span class=\"food-price\">9,90\u20ac<\/span><\/h4><p>queso, tomate, gambas, at\u00fan<\/p><\/div>\r\n\t\t\t\t\t\t\t\t\t\t\t            <\/div><div class=\"narep-food-menu-item-wrap zoom-image no-img\">\r\n\t\t\t\t\t\t\t\t\t\t\t              <div class=\"narep-food-menu-info\"><h4 class=\"narep-food-menu-title\"><span class=\"food-title\">Verano<\/span><span class=\"food-price\">9,90\u20ac<\/span><\/h4><p>queso, tomate, gambas, at\u00fan<\/p><\/div>\r\n\t\t\t\t\t\t\t\t\t\t\t            <\/div><div class=\"narep-food-menu-item-wrap zoom-image no-img\">\r\n\t\t\t\t\t\t\t\t\t\t\t              <div class=\"narep-food-menu-info\"><h4 class=\"narep-food-menu-title\"><span class=\"food-title\">Mar y tierra<\/span><span class=\"food-price\">11,50\u20ac<\/span><\/h4><p>queso, tomate, champi\u00f1ones, jam\u00f3n y gambas<\/p><\/div>\r\n\t\t\t\t\t\t\t\t\t\t\t            <\/div><div class=\"narep-food-menu-item-wrap zoom-image no-img\">\r\n\t\t\t\t\t\t\t\t\t\t\t              <div class=\"narep-food-menu-info\"><h4 class=\"narep-food-menu-title\"><span class=\"food-title\">Bella Italia<\/span><span class=\"food-price\">11,50\u20ac<\/span><\/h4><p>queso, tomate, bacon, cebolla, pimientos, gambas, huevos, ajo<\/p><\/div>\r\n\t\t\t\t\t\t\t\t\t\t\t            <\/div><div class=\"narep-food-menu-item-wrap zoom-image no-img\">\r\n\t\t\t\t\t\t\t\t\t\t\t              <div class=\"narep-food-menu-info\"><h4 class=\"narep-food-menu-title\"><span class=\"food-title\">Frutti di Mare<\/span><span class=\"food-price\">12\u20ac<\/span><\/h4><p>queso, tomate, gambas, at\u00fan, mejillones, cangrejo<\/p><\/div>\r\n\t\t\t\t\t\t\t\t\t\t\t            <\/div><div class=\"narep-food-menu-item-wrap zoom-image no-img\">\r\n\t\t\t\t\t\t\t\t\t\t\t              <div class=\"narep-food-menu-info\"><h4 class=\"narep-food-menu-title\"><span class=\"food-title\">De la Casa<\/span><span class=\"food-price\">12,50\u20ac<\/span><\/h4><p>queso, tomate, jam\u00f3n, champi\u00f1ones, at\u00fan, gambas, aceitunas negras<\/p><\/div>\r\n\t\t\t\t\t\t\t\t\t\t\t            <\/div><\/div>\t\t<\/div>\n\t\t\t\t<\/div>\n\t\t\t\t\t<\/div>\n\t\t<\/div>\n\t\t\t\t\t\t\t<\/div>\n\t\t<\/section>\n\t\t\t\t\t\t\t<\/div>\n\t\t","protected":false},"excerpt":{"rendered":"<p>Pizzas MargaritaOFERTA 2X13\u20ac7\u20ac queso, tomate Jam\u00f3noferta 2&#215;13\u20ac7,90\u20ac queso, tomate, jam\u00f3n Champi\u00f1onesOFERTA 2&#215;13\u20ac7,50\u20ac queso, tomate, champi\u00f1ones PolloOFERTA 2&#215;13\u20ac7,70\u20ac queso, tomate, pollo At\u00fanOFERTA 2&#215;13\u20ac7,90\u20ac queso, tomate, at\u00fan Reina8,20\u20ac queso, tomate, champi\u00f1ones, jam\u00f3n Hawai8,50\u20ac queso, tomate, jam\u00f3n, pi\u00f1a Cuatro Estaciones8,50\u20ac queso, tomate, jam\u00f3n, champi\u00f1ones, pimientos Vegetariana8,50\u20ac queso, tomate, champi\u00f1ones, pimientos, cebolla, ma\u00edz Diavola8,50\u20ac queso, tomate, pimientos, cebolla, bacon,&#8230;<\/p>\n","protected":false},"author":1,"featured_media":0,"parent":0,"menu_order":0,"comment_status":"closed","ping_status":"closed","template":"","meta":{"footnotes":""},"class_list":["post-1380","page","type-page","status-publish","hentry"],"_links":{"self":[{"href":"https:\/\/turbopizza.es\/index.php\/wp-json\/wp\/v2\/pages\/1380","targetHints":{"allow":["GET"]}}],"collection":[{"href":"https:\/\/turbopizza.es\/index.php\/wp-json\/wp\/v2\/pages"}],"about":[{"href":"https:\/\/turbopizza.es\/index.php\/wp-json\/wp\/v2\/types\/page"}],"author":[{"embeddable":true,"href":"https:\/\/turbopizza.es\/index.php\/wp-json\/wp\/v2\/users\/1"}],"replies":[{"embeddable":true,"href":"https:\/\/turbopizza.es\/index.php\/wp-json\/wp\/v2\/comments?post=1380"}],"version-history":[{"count":26,"href":"https:\/\/turbopizza.es\/index.php\/wp-json\/wp\/v2\/pages\/1380\/revisions"}],"predecessor-version":[{"id":1461,"href":"https:\/\/turbopizza.es\/index.php\/wp-json\/wp\/v2\/pages\/1380\/revisions\/1461"}],"wp:attachment":[{"href":"https:\/\/turbopizza.es\/index.php\/wp-json\/wp\/v2\/media?parent=1380"}],"curies":[{"name":"wp","href":"https:\/\/api.w.org\/{rel}","templated":true}]}}